{"id":21,"date":"2023-10-26T21:46:06","date_gmt":"2023-10-26T19:46:06","guid":{"rendered":"https:\/\/sansfils.tech\/?page_id=21"},"modified":"2023-10-26T22:35:21","modified_gmt":"2023-10-26T20:35:21","slug":"home","status":"publish","type":"page","link":"https:\/\/sansfils.tech\/","title":{"rendered":"Home"},"content":{"rendered":"\t\t<div data-elementor-type=\"wp-page\" data-elementor-id=\"21\" class=\"elementor elementor-21\">\n\t\t\t\t\t\t\t<div class=\"elementor-element elementor-element-6b31934 e-con-full e-flex e-con e-parent\" data-id=\"6b31934\" data-element_type=\"container\" data-settings=\"{&quot;content_width&quot;:&quot;full&quot;}\" data-core-v316-plus=\"true\">\n\t\t\t\t<div class=\"elementor-element elementor-element-7966f37 elementor-widget elementor-widget-Puva_BannerFive\" data-id=\"7966f37\" data-element_type=\"widget\" data-widget_type=\"Puva_BannerFive.default\">\n\t\t\t\t<div class=\"elementor-widget-container\">\n\t\t\t\r\n\t\t<section class=\"main-banner-wrap-area\">\r\n\t\t\t<div class=\"container-fluid\">\r\n                <div class=\"main-banner-wrap-content\">\r\n\t\t\t\t\t<h1>\r\n\t\t\t\t\t\tRetrouvez tous les comparatifs d'\u00e9couteurs sans fils pour trouver ceux qu'il vous faut !\t\t\t\t\t<\/h1>\r\n\r\n\t\t\t\t\t<p>Lorem ipsum dolor sit amet, consectetur adipiscing elit. Id tincidunt eifend odio viverra diam aliquet donec again.<\/p>\r\n\r\n\t\t\t\t\t\t\t\t\t\t\t<a href=\"\" class=\"banner-btn\"><i class='bx bx-plus-circle'><\/i>Voir les comparatifs<\/a>\r\n\t\t\t\t\t                <\/div>\r\n            <\/div>\r\n\r\n\t\t\t\r\n            <div class=\"main-banner-wrap-item-slides owl-carousel owl-theme\">\r\n\t\t\t\t            <\/div>\r\n        <\/section>\r\n        \t\t<\/div>\n\t\t\t\t<\/div>\n\t\t\t\t<\/div>\n\t\t<div class=\"elementor-element elementor-element-2b40eae e-flex e-con-boxed e-con e-parent\" data-id=\"2b40eae\" data-element_type=\"container\" data-settings=\"{&quot;content_width&quot;:&quot;boxed&quot;}\" data-core-v316-plus=\"true\">\n\t\t\t\t\t<div class=\"e-con-inner\">\n\t\t\t\t<div class=\"elementor-element elementor-element-af84c2b elementor-widget elementor-widget-Puva_Categories_Area\" data-id=\"af84c2b\" data-element_type=\"widget\" data-widget_type=\"Puva_Categories_Area.default\">\n\t\t\t\t<div class=\"elementor-widget-container\">\n\t\t\t\r\n        <section class=\"categories-area bg-f5f5f5 pt-100 pb-70\">\r\n            <div class=\"container\">\r\n\r\n                                    <div class=\"section-title\">\r\n                        <h2>Categories Review<\/h2>\r\n\r\n                                                    <a href=\"https:\/\/sansfils.tech\/index.php\/home\/\" class=\"link-btn\">VIEW ALL<\/a>\r\n                                            <\/div>\r\n               \r\n                <div class=\"row\">\r\n\r\n                                    <div class=\"col-lg-3 col-md-4 col-sm-6\">\r\n                        <div class=\"single-categories-item bg3\" style=\"background: url('');\">\r\n                                                            <div class=\"icon\">\r\n                                    <i class='bx bx-tv'><\/i>\r\n                                <\/div>\r\n                            \r\n                            <h3>Sport<\/h3>\r\n                            <span>15 items<\/span>\r\n                            \r\n                                                            <a href=\"\" class=\"learn-more-btn-cat\">View More <i class='bx bx-book-reader'><\/i><\/a>\r\n\r\n                                <a href=\"\" class=\"link-btn\"><\/a>\r\n                                                    <\/div>\r\n                    <\/div>\r\n                                <\/div>\r\n            <\/div>\r\n        <\/section>\r\n\r\n\r\n    \t\t<\/div>\n\t\t\t\t<\/div>\n\t\t\t\t\t<\/div>\n\t\t\t\t<\/div>\n\t\t<div class=\"elementor-element elementor-element-21d3475 e-con-full e-flex e-con e-parent\" data-id=\"21d3475\" data-element_type=\"container\" data-settings=\"{&quot;content_width&quot;:&quot;full&quot;}\" data-core-v316-plus=\"true\">\n\t\t\t\t<div class=\"elementor-element elementor-element-d9c8628 elementor-widget elementor-widget-Puva_posts_Cat\" data-id=\"d9c8628\" data-element_type=\"widget\" data-settings=\"{&quot;_animation&quot;:&quot;none&quot;}\" data-widget_type=\"Puva_posts_Cat.default\">\n\t\t\t\t<div class=\"elementor-widget-container\">\n\t\t\t\r\n                <div class=\"top-categories-area ptb-100\" style=\"background-image:url(https:\/\/sansfils.tech\/wp-content\/uploads\/2023\/10\/technology-bg.jpg);\">\r\n        \r\n            <div class=\"container\">\r\n                                <div class=\"section-title text-center\">\r\n                    <h2>Les cat\u00e9gories d&#039;\u00e9couteurs sans fils<\/h2>\r\n                <\/div>\r\n                \r\n                <div class=\"top-categories-slides owl-carousel owl-theme\">\r\n                    \r\n                    <div class=\"top-categories-card\">\r\n                                                <div class=\"content\">\r\n                            <h3>\r\n                                <a href=\"https:\/\/sansfils.tech\/index.php\/category\/non-classe\/\">Non class\u00e9 <span> (3)<\/span><\/a>       \r\n                            <\/h3>\r\n                        <\/div>\r\n                    <\/div>\r\n\r\n                    \r\n                    <div class=\"top-categories-card\">\r\n                                                <div class=\"content\">\r\n                            <h3>\r\n                                <a href=\"https:\/\/sansfils.tech\/index.php\/category\/sport\/\">Sport <span> (1)<\/span><\/a>       \r\n                            <\/h3>\r\n                        <\/div>\r\n                    <\/div>\r\n\r\n                                    <\/div>\r\n            <\/div>\r\n\r\n                    <\/div>\r\n        \t\t<\/div>\n\t\t\t\t<\/div>\n\t\t\t\t<\/div>\n\t\t\t\t\t\t\t<\/div>\n\t\t","protected":false},"excerpt":{"rendered":"<p>Retrouvez tous les comparatifs d&rsquo;\u00e9couteurs sans fils pour trouver ceux qu&rsquo;il vous faut ! Lorem ipsum dolor sit amet, consectetur adipiscing elit. Id tincidunt eifend odio viverra diam aliquet donec again. Voir les comparatifs Categories Review VIEW ALL Sport 15 items View More Les cat\u00e9gories d&#039;\u00e9couteurs sans fils Non class\u00e9 (1) Sport (1)<\/p>\n","protected":false},"author":1,"featured_media":0,"parent":0,"menu_order":0,"comment_status":"closed","ping_status":"closed","template":"","meta":{"_monsterinsights_skip_tracking":false,"_monsterinsights_sitenote_active":false,"_monsterinsights_sitenote_note":"","_monsterinsights_sitenote_category":0,"footnotes":""},"class_list":["post-21","page","type-page","status-publish","hentry"],"acf":[],"_links":{"self":[{"href":"https:\/\/sansfils.tech\/index.php\/wp-json\/wp\/v2\/pages\/21","targetHints":{"allow":["GET"]}}],"collection":[{"href":"https:\/\/sansfils.tech\/index.php\/wp-json\/wp\/v2\/pages"}],"about":[{"href":"https:\/\/sansfils.tech\/index.php\/wp-json\/wp\/v2\/types\/page"}],"author":[{"embeddable":true,"href":"https:\/\/sansfils.tech\/index.php\/wp-json\/wp\/v2\/users\/1"}],"replies":[{"embeddable":true,"href":"https:\/\/sansfils.tech\/index.php\/wp-json\/wp\/v2\/comments?post=21"}],"version-history":[{"count":21,"href":"https:\/\/sansfils.tech\/index.php\/wp-json\/wp\/v2\/pages\/21\/revisions"}],"predecessor-version":[{"id":54,"href":"https:\/\/sansfils.tech\/index.php\/wp-json\/wp\/v2\/pages\/21\/revisions\/54"}],"wp:attachment":[{"href":"https:\/\/sansfils.tech\/index.php\/wp-json\/wp\/v2\/media?parent=21"}],"curies":[{"name":"wp","href":"https:\/\/api.w.org\/{rel}","templated":true}]}}